{"id":887,"date":"2014-03-09T11:37:51","date_gmt":"2014-03-09T10:37:51","guid":{"rendered":"http:\/\/www.cgbarba.com\/?page_id=887"},"modified":"2026-03-13T10:29:41","modified_gmt":"2026-03-13T09:29:41","slug":"enlaces","status":"publish","type":"page","link":"https:\/\/www.cgbarba.com\/?page_id=887","title":{"rendered":"Enlaces (M\u00fasica y otros)"},"content":{"rendered":"<h4 style=\"text-align: center;\"><a href=\"http:\/\/www.cgbarba.com\/musica\/\"><span style=\"color: #800000;\">M\u00fasica:<\/span><\/a><\/h4>\n<h3 style=\"text-align: center;\"><a href=\"http:\/\/www.cgbarba.com\/musica\/?page_id=430\"><strong><span style=\"color: #ff6600;\">Surfing<\/span><\/strong><\/a><\/h3>\n<h3 style=\"text-align: center;\"><span style=\"color: #ff6600;\"><a style=\"color: #ff6600;\" title=\"Canciones de los Shadows (etc.) versionadas por Carlos G. Barba\" href=\"http:\/\/www.cgbarba.com\/musica\/?page_id=2\" target=\"_blank\" rel=\"noopener noreferrer\"><strong>The Rumble<\/strong><\/a><\/span><\/h3>\n<h3 style=\"text-align: center;\"><strong><span style=\"color: #ff6600;\"><a style=\"color: #ff6600;\" href=\"http:\/\/www.cgbarba.com\/musica\/?page_id=40\" target=\"_blank\" rel=\"noopener noreferrer\">M\u00fasica de ascensor<\/a><\/span><\/strong><\/h3>\n<h3 style=\"text-align: center;\"><strong><span style=\"color: #ff6600;\"><a style=\"color: #ff6600;\" href=\"http:\/\/www.cgbarba.com\/musica\/?page_id=75\" target=\"_blank\" rel=\"noopener noreferrer\">Sunset Boulevard Revisited<\/a><\/span><\/strong><\/h3>\n<h3 style=\"text-align: center;\"><a href=\"http:\/\/www.cgbarba.com\/musica\/?page_id=2692\"><span style=\"color: #ff0000;\">Ahora (\u00daltimas grabaciones)<\/span><\/a><\/h3>\n<hr>\n<h3 style=\"text-align: center;\"><span style=\"color: #ffffff;\"><a style=\"color: #ffffff;\" href=\"http:\/\/www.a61.es\"><strong>A61 &amp; KinDaBlue<\/strong><\/a><\/span><\/h3>\n<p style=\"text-align: center;\">\u2014\u2014\u2014\u2014\u2014\u2014\u2014\u2014\u2014\u2014\u2014\u2014\u2014\u2014\u2014\u2014\u2014\u2014\u2014\u2014\u2014\u2014\u2014\u2014\u2014\u2014\u2014\u2014\u2014\u2014\u2014\u2014\u2014\u2014\u2014\u2014<\/p>\n<h3 style=\"text-align: center;\"><a href=\"http:\/\/www.cgbarba.com\/cuento\"><span style=\"color: #0000ff;\"><span style=\"color: #ccffff;\">Cuentos<\/span><\/span><\/a><\/h3>\n<p style=\"text-align: center;\">\u2014\u2014\u2014\u2014\u2014\u2014\u2014\u2014\u2014\u2014\u2014\u2014\u2014\u2014\u2014\u2014\u2014\u2014\u2014<\/p>\n<h4 style=\"text-align: center;\"><span style=\"color: #ffffff;\">M\u00e1s fotograf\u00eda:<\/span><\/h4>\n<h3 style=\"text-align: center;\"><span style=\"color: #ffff00;\"><a style=\"color: #ffff00;\" title=\"P\u00e1gina de fotograf\u00eda de Luis Garc\u00eda Craus\" href=\"https:\/\/www.crausfotografia.com\" target=\"_blank\" rel=\"noopener noreferrer\">Luis Garc\u00eda Craus<\/a><\/span><\/h3>\n\n\n<p class=\"has-text-align-center\"><\/p>\n","protected":false},"excerpt":{"rendered":"<p>M\u00fasica: Surfing The Rumble M\u00fasica de ascensor Sunset Boulevard Revisited Ahora (\u00daltimas grabaciones) A61 &amp; KinDaBlue \u2014\u2014\u2014\u2014\u2014\u2014\u2014\u2014\u2014\u2014\u2014\u2014\u2014\u2014\u2014\u2014\u2014\u2014\u2014\u2014\u2014\u2014\u2014\u2014\u2014\u2014\u2014\u2014\u2014\u2014\u2014\u2014\u2014\u2014\u2014\u2014 Cuentos \u2014\u2014\u2014\u2014\u2014\u2014\u2014\u2014\u2014\u2014\u2014\u2014\u2014\u2014\u2014\u2014\u2014\u2014\u2014 M\u00e1s fotograf\u00eda: Luis Garc\u00eda Craus<\/p>\n","protected":false},"author":2,"featured_media":0,"parent":0,"menu_order":10,"comment_status":"closed","ping_status":"open","template":"","meta":{"ngg_post_thumbnail":0,"footnotes":""},"class_list":["post-887","page","type-page","status-publish","hentry"],"_links":{"self":[{"href":"https:\/\/www.cgbarba.com\/index.php?rest_route=\/wp\/v2\/pages\/887","targetHints":{"allow":["GET"]}}],"collection":[{"href":"https:\/\/www.cgbarba.com\/index.php?rest_route=\/wp\/v2\/pages"}],"about":[{"href":"https:\/\/www.cgbarba.com\/index.php?rest_route=\/wp\/v2\/types\/page"}],"author":[{"embeddable":true,"href":"https:\/\/www.cgbarba.com\/index.php?rest_route=\/wp\/v2\/users\/2"}],"replies":[{"embeddable":true,"href":"https:\/\/www.cgbarba.com\/index.php?rest_route=%2Fwp%2Fv2%2Fcomments&post=887"}],"version-history":[{"count":35,"href":"https:\/\/www.cgbarba.com\/index.php?rest_route=\/wp\/v2\/pages\/887\/revisions"}],"predecessor-version":[{"id":5844,"href":"https:\/\/www.cgbarba.com\/index.php?rest_route=\/wp\/v2\/pages\/887\/revisions\/5844"}],"wp:attachment":[{"href":"https:\/\/www.cgbarba.com\/index.php?rest_route=%2Fwp%2Fv2%2Fmedia&parent=887"}],"curies":[{"name":"wp","href":"https:\/\/api.w.org\/{rel}","templated":true}]}}